{"id":1598,"date":"2019-04-25T11:51:36","date_gmt":"2019-04-25T11:51:36","guid":{"rendered":"https:\/\/wp127.wp.dev.n0ll.dk\/shop\/?page_id=1598"},"modified":"2026-02-10T10:20:32","modified_gmt":"2026-02-10T10:20:32","slug":"handelsbetingelser","status":"publish","type":"page","link":"https:\/\/www.growingtrees.dk\/shop\/handelsbetingelser\/","title":{"rendered":"Handelsbetingelser"},"content":{"rendered":"<div id=\"pl-1598\"  class=\"panel-layout\" ><div id=\"pg-1598-0\"  class=\"panel-grid panel-has-style\" ><div class=\"panel-row-style panel-row-style-for-1598-0\" ><div id=\"pgc-1598-0-0\"  class=\"panel-grid-cell\" ><div id=\"panel-1598-0-0-0\" class=\"so-panel widget widget_sow-editor panel-first-child panel-last-child\" data-index=\"0\" ><div\n\t\t\t\n\t\t\tclass=\"so-widget-sow-editor so-widget-sow-editor-base\"\n\t\t\t\n\t\t>\n<div class=\"siteorigin-widget-tinymce textwidget\">\n\t<h1>Handelsbetingelser<\/h1>\n<p><em>Senest opdateret 17.11.2025<\/em><\/p>\n<p>Nedenst\u00e5ende salgs- og leveringsbetingelser g\u00e6lder for alle leverancer fra Growing Trees Network Foundation S\/I.<\/p>\n<p>Betingelserne g\u00e6lder i det tilf\u00e6lde, hvor der ikke er indg\u00e5et andre skriftlige aftaler mellem dig som k\u00f8ber og Growing Trees Network Foundation S\/I.<\/p>\n<p>Shopnavn: Growing Trees Network Foundation's webshop<br \/>\n- Plantning af tr\u00e6er til sikring af rent drikkevand og CO2 reduktion.<br \/>\nShop ejer: Growing Trees Network Foundation S\/I<br \/>\nAdresse: Norddigesvej 2, 1.th.<br \/>\nPostnr.\/By: 8240 Risskov<\/p>\n<p>CVR\/SE-nr.: 37360791<br \/>\nEtablerings\u00e5r: 2016<\/p>\n<p>Kontakt:<br \/>\nkim Nielsen, telefon: 3113 0103<br \/>\nE-mail: kim@growingtrees.dk<\/p>\n<h3>Om Growing Trees Network Foundation S\/I<\/h3>\n<p>Growing Trees Network Foundation er en selvejende institution, hvis overordnede form\u00e5l er f\u00f8lgende:<\/p>\n<ul>\n<li>Rejsning af nye folkeskove p\u00e5 kommunal, statslig eller kirke jord i Danmark og udlandet til sikring af grundvandsressourcer, klimasikring og CO2 reduktion, herunder ogs\u00e5:<\/li>\n<li>Rejsning af folkeskove p\u00e5 jord ejet af virksomheder, organisationer og private med offentlig adgang, og hvor den fremtidige vedligeholdelse er sikret igennem aftale med kommune, stat eller 3. part.<\/li>\n<li>Rejsning af nye skove p\u00e5 kommunal, statslig, offentlig eller fondsejet jord til for gr\u00f8nning af Danmark, klimasikring og CO2 reduktion.<\/li>\n<li>At yde finansiel st\u00f8tte til kommunernes og statens jordopk\u00f8b i omr\u00e5der med s\u00e6rlige drikkevandsinteresser for hurtigere etablering af beskyttende folkeskov.<\/li>\n<li>Rejsning af skov uden for Danmark, prim\u00e6rt i tropiske og subtropiske lande - enten via egne skovrejsningsprojekter eller i samarbejde med andre skovrejsnings organisationer \/ NGO\u2019er.<\/li>\n<\/ul>\n<h3>Mulighed for skattefradrag<\/h3>\n<p>Alle donationer fra privatpersoner op til kr. 20.000 (2026) er fradragsberettigede. Har vi dit CPR. nr. indberetter vi din samlede \u00e5rlige donation til SKAT i januar \u00e5ret efter.<\/p>\n<h3>Betaling<\/h3>\n<p>I denne shop kan der betales med:<\/p>\n<ul>\n<li>Dankort, Visa\/Dankort, Mastercard<\/li>\n<li>MobilePay<\/li>\n<li>Fast m\u00e5nedligt bel\u00f8b<\/li>\n<\/ul>\n<p>Alternativt kan du overf\u00f8re din donation via MobilePay til 800 801 (Anf\u00f8r i beskedfeltet, hvilken Folkeskov du \u00f8nsker tr\u00e6erne plantet i). Via MobilePay kan du ogs\u00e5 oprette et abonnement.<\/p>\n<p>Eller lave en bankoverf\u00f8rsel til Middelfart Sparekasse; Reg.nr: 1687, kontonr: 0000590096, hvor du i lang besked kan angive nedenst\u00e5ende, eller efterf\u00f8lgende sende en e-mail til donation@growingtrees.dk med f\u00f8lgende oplysninger:<\/p>\n<ul>\n<li>Navn<\/li>\n<li>Adresse<\/li>\n<li>Postnr og by<\/li>\n<li>Telefonnummer<\/li>\n<li>Antal tr\u00e6er du k\u00f8ber<\/li>\n<li>Plantelokation<\/li>\n<li>CPR-nummer (Skal vi opgive til skattev\u00e6senet for at du kan f\u00e5 fradrag for din donation)<\/li>\n<\/ul>\n<h3>Prispolitik<\/h3>\n<p>Et tr\u00e6 til plantning koster kr. 20, heraf modtager den private lodsejer, kirken, kommunen eller Naturstyrelsen hvor tr\u00e6erne skal plantes kr. 16,00 pr. tr\u00e6.<\/p>\n<p>Har du k\u00f8bt tr\u00e6er til plantning i Kenya, Bolivia, Ecuador og Uganda er prisen pr. tr\u00e6 kr. 16, hvor vores samarbejdspartnere modtager kr. 12,80 pr. tr\u00e6 til etablering af skove p\u00e5 udvalgte lokationer.<\/p>\n<p>Har du valgt at donere et fast m\u00e5nedligt bel\u00f8b, accepterer du at Growing Trees Network Foundation anvender bel\u00f8bet til at rejse mest mulig skov p\u00e5 de plantelokationer der til enhver tid er til r\u00e5dighed og til etablering af nye skovrejsningsprojekter.<\/p>\n<h3>Kvittering og Folkeskovcertifikat<\/h3>\n<p>Umiddelbart efter at du har gennemf\u00f8rt dit k\u00f8b, modtager du en kvittering p\u00e5 e-mail. Denne e-mail indeholder dit Folkeskovscertifikat. Bel\u00f8bet du har k\u00f8bt tr\u00e6er for, tr\u00e6kkes derefter p\u00e5 din konto.<\/p>\n<h3>M\u00e5nedlige betalinger<\/h3>\n<p><strong>Varighed<\/strong><br \/>\nS\u00e5 l\u00e6nge medlemskabet eksisterer uopsagt, vil der forg\u00e5 en tr\u00e6kning af dit valgte bel\u00f8b fra det tilmeldte kort. Donationen tr\u00e6kkes n\u00e5r du opretter dig og fremadrettet den sidste dag i m\u00e5neden \u2013 oprettelses-m\u00e5neden inklusive. \u00a0Du kan til enhver tid opsige dit abonnement ved at kontakte os pr. telefon eller e-mail, dog senest 8 dage f\u00f8r den n\u00e6ste tr\u00e6kning.<\/p>\n<p><strong>Kvittering<\/strong><br \/>\nEfter tilmelding, og ved hver tr\u00e6kning, vil der blive leveret en kvittering pr. e-mail.<\/p>\n<p><strong>Betalingskort udl\u00f8b<\/strong><br \/>\nS\u00e5fremt dit betalingskort udl\u00f8ber vil der blive fremsendt e-mail med link til fornyelse af kortoplysninger.<\/p>\n<p><strong>Kortoplysninger<\/strong><br \/>\nVed tilmelding til automatisk tr\u00e6kning giver du tilladelse til at gemme samtlige n\u00f8dvendige betalingskortsoplysninger til brug for automatisk debitering af dit betalingskort. Disse oplysninger slettes n\u00e5r aftalen oph\u00f8rer.<\/p>\n<p><strong>Prisen<\/strong><br \/>\nAlle priser er inklusiv 25% dansk moms med mindre andet er oplyst.<\/p>\n<p><strong>Levering<\/strong><br \/>\nN\u00e5r tilmelding er blevet bekr\u00e6ftet kan den k\u00f8bte services tages i brug og varen kan derfor regnes som leveret.<\/p>\n<p><strong>Refundering<\/strong><br \/>\nP\u00e5begyndt abonnement refunderes ikke.<\/p>\n<p><strong>Reklamation<\/strong><br \/>\nEnhver form for reklamation skal rettes direkte til Growing Trees Network Foundation.<br \/>\nVed sp\u00f8rgsm\u00e5l til dit k\u00f8b, kontakt os p\u00e5 kim@growingtrees.dk.<\/p>\n<h3>Effekten af tr\u00e6plantning<\/h3>\n<p>Skovrejsning kan over tid bidrage til at lagre CO\u2082, beskytte drikkevandsressourcer, \u00f8ge biodiversiteten og skabe nye rekreative omr\u00e5der. I nogle tilf\u00e6lde kan skovrejsning ogs\u00e5 forbedre levevilk\u00e5rene i lokalsamfund i udlandet.<\/p>\n<p>Effekten afh\u00e6nger af mange ting, s\u00e5som placering af skoven, lokale forhold og skovens drift etc.<\/p>\n<h3>Forbehold<\/h3>\n<p>Der tages forbehold for tryk-\/tastefejl.<br \/>\nEr der til din valgte Folkeskov allerede blevet doneret det n\u00f8dvendige antal tr\u00e6er, vil du\/I blive kontaktet og f\u00e5 mulighed for at donere til en anden Folkeskov!<\/p>\n<h3>Returnering\/ombytning<\/h3>\n<p>Hvis den fremsendte vare er beskadiget, eller p\u00e5 anden m\u00e5de ikke svarer til dine forventninger, ombyttes den indenfor 8 dage.<\/p>\n<h3>Fortrydelsesret<\/h3>\n<p>14 dage, v\/reklamation skriv til kim@growingtrees.dk<\/p>\n<h3>Opsigelse<\/h3>\n<p>Skriv til donation@growingtrees.dk og vi opsiger dit abonnement.<\/p>\n<\/div>\n<\/div><\/div><\/div><\/div><\/div><\/div>","protected":false},"excerpt":{"rendered":"<p>Handelsbetingelser Senest opdateret 17.11.2025 Nedenst\u00e5ende salgs- og leveringsbetingelser g\u00e6lder for alle leverancer fra Growing Trees Network Foundation S\/I. Betingelserne g\u00e6lder i det tilf\u00e6lde, hvor der ikke er indg\u00e5et andre skriftlige aftaler mellem dig som k\u00f8ber og Growing Trees Network Foundation S\/I. Shopnavn: Growing Trees Network Foundation&#8217;s webshop &#8211; Plantning af tr\u00e6er til sikring af rent &hellip; <a href=\"https:\/\/www.growingtrees.dk\/shop\/handelsbetingelser\/\" class=\"more-link\">Continue reading <span class=\"screen-reader-text\">Handelsbetingelser<\/span><\/a><\/p>\n","protected":false},"author":1,"featured_media":0,"parent":0,"menu_order":0,"comment_status":"closed","ping_status":"closed","template":"","meta":{"_acf_changed":false,"footnotes":""},"class_list":["post-1598","page","type-page","status-publish","hentry"],"acf":[],"yoast_head":"<!-- This site is optimized with the Yoast SEO plugin v25.9 - https:\/\/yoast.com\/wordpress\/plugins\/seo\/ -->\n<title>Handelsbetingelser - Growing Trees<\/title>\n<meta name=\"robots\" content=\"index, follow, max-snippet:-1, max-image-preview:large, max-video-preview:-1\" \/>\n<link rel=\"canonical\" href=\"https:\/\/www.growingtrees.dk\/shop\/handelsbetingelser\/\" \/>\n<meta property=\"og:locale\" content=\"da_DK\" \/>\n<meta property=\"og:type\" content=\"article\" \/>\n<meta property=\"og:title\" content=\"Handelsbetingelser - Growing Trees\" \/>\n<meta property=\"og:description\" content=\"Handelsbetingelser Senest opdateret 17.11.2025 Nedenst\u00e5ende salgs- og leveringsbetingelser g\u00e6lder for alle leverancer fra Growing Trees Network Foundation S\/I. Betingelserne g\u00e6lder i det tilf\u00e6lde, hvor der ikke er indg\u00e5et andre skriftlige aftaler mellem dig som k\u00f8ber og Growing Trees Network Foundation S\/I. Shopnavn: Growing Trees Network Foundation&#039;s webshop - Plantning af tr\u00e6er til sikring af rent &hellip; Continue reading Handelsbetingelser\" \/>\n<meta property=\"og:url\" content=\"https:\/\/www.growingtrees.dk\/shop\/handelsbetingelser\/\" \/>\n<meta property=\"og:site_name\" content=\"Growing Trees\" \/>\n<meta property=\"article:modified_time\" content=\"2026-02-10T10:20:32+00:00\" \/>\n<meta name=\"twitter:card\" content=\"summary_large_image\" \/>\n<meta name=\"twitter:label1\" content=\"Estimeret l\u00e6setid\" \/>\n\t<meta name=\"twitter:data1\" content=\"5 minutter\" \/>\n<script type=\"application\/ld+json\" class=\"yoast-schema-graph\">{\"@context\":\"https:\/\/schema.org\",\"@graph\":[{\"@type\":\"WebPage\",\"@id\":\"https:\/\/www.growingtrees.dk\/shop\/handelsbetingelser\/\",\"url\":\"https:\/\/www.growingtrees.dk\/shop\/handelsbetingelser\/\",\"name\":\"Handelsbetingelser - Growing Trees\",\"isPartOf\":{\"@id\":\"https:\/\/www.growingtrees.dk\/shop\/#website\"},\"datePublished\":\"2019-04-25T11:51:36+00:00\",\"dateModified\":\"2026-02-10T10:20:32+00:00\",\"breadcrumb\":{\"@id\":\"https:\/\/www.growingtrees.dk\/shop\/handelsbetingelser\/#breadcrumb\"},\"inLanguage\":\"da-DK\",\"potentialAction\":[{\"@type\":\"ReadAction\",\"target\":[\"https:\/\/www.growingtrees.dk\/shop\/handelsbetingelser\/\"]}]},{\"@type\":\"BreadcrumbList\",\"@id\":\"https:\/\/www.growingtrees.dk\/shop\/handelsbetingelser\/#breadcrumb\",\"itemListElement\":[{\"@type\":\"ListItem\",\"position\":1,\"name\":\"Home\",\"item\":\"https:\/\/www.growingtrees.dk\/shop\/\"},{\"@type\":\"ListItem\",\"position\":2,\"name\":\"Handelsbetingelser\"}]},{\"@type\":\"WebSite\",\"@id\":\"https:\/\/www.growingtrees.dk\/shop\/#website\",\"url\":\"https:\/\/www.growingtrees.dk\/shop\/\",\"name\":\"Growing Trees\",\"description\":\"\",\"potentialAction\":[{\"@type\":\"SearchAction\",\"target\":{\"@type\":\"EntryPoint\",\"urlTemplate\":\"https:\/\/www.growingtrees.dk\/shop\/?s={search_term_string}\"},\"query-input\":{\"@type\":\"PropertyValueSpecification\",\"valueRequired\":true,\"valueName\":\"search_term_string\"}}],\"inLanguage\":\"da-DK\"}]}<\/script>\n<!-- \/ Yoast SEO plugin. -->","yoast_head_json":{"title":"Handelsbetingelser - Growing Trees","robots":{"index":"index","follow":"follow","max-snippet":"max-snippet:-1","max-image-preview":"max-image-preview:large","max-video-preview":"max-video-preview:-1"},"canonical":"https:\/\/www.growingtrees.dk\/shop\/handelsbetingelser\/","og_locale":"da_DK","og_type":"article","og_title":"Handelsbetingelser - Growing Trees","og_description":"Handelsbetingelser Senest opdateret 17.11.2025 Nedenst\u00e5ende salgs- og leveringsbetingelser g\u00e6lder for alle leverancer fra Growing Trees Network Foundation S\/I. Betingelserne g\u00e6lder i det tilf\u00e6lde, hvor der ikke er indg\u00e5et andre skriftlige aftaler mellem dig som k\u00f8ber og Growing Trees Network Foundation S\/I. Shopnavn: Growing Trees Network Foundation's webshop - Plantning af tr\u00e6er til sikring af rent &hellip; Continue reading Handelsbetingelser","og_url":"https:\/\/www.growingtrees.dk\/shop\/handelsbetingelser\/","og_site_name":"Growing Trees","article_modified_time":"2026-02-10T10:20:32+00:00","twitter_card":"summary_large_image","twitter_misc":{"Estimeret l\u00e6setid":"5 minutter"},"schema":{"@context":"https:\/\/schema.org","@graph":[{"@type":"WebPage","@id":"https:\/\/www.growingtrees.dk\/shop\/handelsbetingelser\/","url":"https:\/\/www.growingtrees.dk\/shop\/handelsbetingelser\/","name":"Handelsbetingelser - Growing Trees","isPartOf":{"@id":"https:\/\/www.growingtrees.dk\/shop\/#website"},"datePublished":"2019-04-25T11:51:36+00:00","dateModified":"2026-02-10T10:20:32+00:00","breadcrumb":{"@id":"https:\/\/www.growingtrees.dk\/shop\/handelsbetingelser\/#breadcrumb"},"inLanguage":"da-DK","potentialAction":[{"@type":"ReadAction","target":["https:\/\/www.growingtrees.dk\/shop\/handelsbetingelser\/"]}]},{"@type":"BreadcrumbList","@id":"https:\/\/www.growingtrees.dk\/shop\/handelsbetingelser\/#breadcrumb","itemListElement":[{"@type":"ListItem","position":1,"name":"Home","item":"https:\/\/www.growingtrees.dk\/shop\/"},{"@type":"ListItem","position":2,"name":"Handelsbetingelser"}]},{"@type":"WebSite","@id":"https:\/\/www.growingtrees.dk\/shop\/#website","url":"https:\/\/www.growingtrees.dk\/shop\/","name":"Growing Trees","description":"","potentialAction":[{"@type":"SearchAction","target":{"@type":"EntryPoint","urlTemplate":"https:\/\/www.growingtrees.dk\/shop\/?s={search_term_string}"},"query-input":{"@type":"PropertyValueSpecification","valueRequired":true,"valueName":"search_term_string"}}],"inLanguage":"da-DK"}]}},"_links":{"self":[{"href":"https:\/\/www.growingtrees.dk\/shop\/wp-json\/wp\/v2\/pages\/1598","targetHints":{"allow":["GET"]}}],"collection":[{"href":"https:\/\/www.growingtrees.dk\/shop\/wp-json\/wp\/v2\/pages"}],"about":[{"href":"https:\/\/www.growingtrees.dk\/shop\/wp-json\/wp\/v2\/types\/page"}],"author":[{"embeddable":true,"href":"https:\/\/www.growingtrees.dk\/shop\/wp-json\/wp\/v2\/users\/1"}],"replies":[{"embeddable":true,"href":"https:\/\/www.growingtrees.dk\/shop\/wp-json\/wp\/v2\/comments?post=1598"}],"version-history":[{"count":31,"href":"https:\/\/www.growingtrees.dk\/shop\/wp-json\/wp\/v2\/pages\/1598\/revisions"}],"predecessor-version":[{"id":5920,"href":"https:\/\/www.growingtrees.dk\/shop\/wp-json\/wp\/v2\/pages\/1598\/revisions\/5920"}],"wp:attachment":[{"href":"https:\/\/www.growingtrees.dk\/shop\/wp-json\/wp\/v2\/media?parent=1598"}],"curies":[{"name":"wp","href":"https:\/\/api.w.org\/{rel}","templated":true}]}}