{"id":1753,"date":"2019-05-06T14:03:16","date_gmt":"2019-05-06T14:03:16","guid":{"rendered":"https:\/\/wp127.wp.dev.n0ll.dk\/shop\/?page_id=1753"},"modified":"2025-08-06T10:58:44","modified_gmt":"2025-08-06T10:58:44","slug":"det-gaar-pengene-til","status":"publish","type":"page","link":"https:\/\/www.growingtrees.dk\/shop\/det-gaar-pengene-til\/","title":{"rendered":"Det g\u00e5r pengene til"},"content":{"rendered":"<div id=\"pl-1753\"  class=\"panel-layout\" ><div id=\"pg-1753-0\"  class=\"panel-grid panel-has-style\" ><div class=\"siteorigin-panels-stretch panel-row-style panel-row-style-for-1753-0\" data-stretch-type=\"full-width-stretch\" ><div id=\"pgc-1753-0-0\"  class=\"panel-grid-cell\" ><div id=\"panel-1753-0-0-0\" class=\"so-panel widget widget_sow-image panel-first-child panel-last-child\" data-index=\"0\" ><div\n\t\t\t\n\t\t\tclass=\"so-widget-sow-image so-widget-sow-image-default-dbf295114b96-1753\"\n\t\t\t\n\t\t>\n<div class=\"sow-image-container\">\n\t\t<img \n\tsrc=\"https:\/\/www.growingtrees.dk\/shop\/wp-content\/uploads\/2019\/05\/pic_divider2.jpg\" width=\"2000\" height=\"549\" srcset=\"https:\/\/www.growingtrees.dk\/shop\/wp-content\/uploads\/2019\/05\/pic_divider2.jpg 2000w, https:\/\/www.growingtrees.dk\/shop\/wp-content\/uploads\/2019\/05\/pic_divider2-300x82.jpg 300w, https:\/\/www.growingtrees.dk\/shop\/wp-content\/uploads\/2019\/05\/pic_divider2-768x211.jpg 768w, https:\/\/www.growingtrees.dk\/shop\/wp-content\/uploads\/2019\/05\/pic_divider2-1024x281.jpg 1024w\" sizes=\"(max-width: 2000px) 100vw, 2000px\" alt=\"\" \t\tclass=\"so-widget-image\"\/>\n\t<\/div>\n\n<\/div><\/div><\/div><\/div><\/div><div id=\"pg-1753-1\"  class=\"panel-grid panel-no-style\" ><div id=\"pgc-1753-1-0\"  class=\"panel-grid-cell\" ><div id=\"panel-1753-1-0-0\" class=\"so-panel widget widget_sow-editor panel-first-child panel-last-child\" data-index=\"1\" ><div\n\t\t\t\n\t\t\tclass=\"so-widget-sow-editor so-widget-sow-editor-base\"\n\t\t\t\n\t\t><h3 class=\"widget-title\">N\u00e5r du donerer til Growing Trees Network...<\/h3>\n<div class=\"siteorigin-widget-tinymce textwidget\">\n\t<p>... S\u00e5 st\u00f8tter du vores arbejde for mere skov over hele verden. Vi er en selvejende institution, hvis overordnede form\u00e5l er f\u00f8lgende:<\/p>\n<p>Rejsning af nye folkeskove p\u00e5 kommunal, statslig eller kirke jord i Danmark og udlandet til sikring af\u00a0grundvandsressourcer, klimasikring og CO2 reduktion, herunder ogs\u00e5:<\/p>\n<ul>\n<li>Rejsning af folkeskove p\u00e5 jord ejet af virksomheder, organisationer og private med offentlig adgang, og hvor den fremtidige vedligeholdelse er sikret igennem aftale med kommune eller stat.<\/li>\n<li>Rejsning af nye skove p\u00e5 kommunal eller statslig jord til forgr\u00f8nning af Danmark, klimasikring, grundvandsbeskyttelse og CO2 reduktion.<\/li>\n<li>Rejsning af skov uden for Danmark, prim\u00e6rt i tropiske og subtropiske lande - enten via egne skovrejsningsprojekter eller i samarbejde med andre skovrejsnings organisationer \/ NGO\u2019er.<\/li>\n<\/ul>\n<p>Skovrejsning kan over tid bidrage til at lagre CO\u2082, beskytte drikkevandsressourcer, \u00f8ge biodiversiteten og skabe nye rekreative omr\u00e5der. I nogle tilf\u00e6lde kan skovrejsning ogs\u00e5 forbedre levevilk\u00e5rene i lokalsamfund i udlandet.<\/p>\n<p>Effekten afh\u00e6nger af mange ting, s\u00e5som placering af skoven, lokale forhold og skovens drift.<\/p>\n<p>&nbsp;<\/p>\n<\/div>\n<\/div><\/div><\/div><div id=\"pgc-1753-1-1\"  class=\"panel-grid-cell\" ><div id=\"panel-1753-1-1-0\" class=\"so-panel widget widget_sow-editor panel-first-child panel-last-child\" data-index=\"2\" ><div\n\t\t\t\n\t\t\tclass=\"so-widget-sow-editor so-widget-sow-editor-base\"\n\t\t\t\n\t\t><h3 class=\"widget-title\">Kort om vores skovrejsningsprojekter<\/h3>\n<div class=\"siteorigin-widget-tinymce textwidget\">\n\t<div>\n<p><strong>Folkeskove i Danmark<br \/>\n<\/strong>N\u00e5r du donerer til Folkeskove i Danmark, er din donation med til at finansiere:<\/p>\n<\/div>\n<ul>\n<li>Klarg\u00f8ring af jord<\/li>\n<li>Indk\u00f8b af planter, samt plantning<\/li>\n<li>2 \u00e5rs etableringspleje<\/li>\n<li>Eventuel hegning<\/li>\n<\/ul>\n<p>Der plantes ca. 4.000 tr\u00e6er pr. ha, og efter anl\u00e6ggelse p\u00e5l\u00e6gges Folkeskovene fredsskovspligt, der fremtidssikrer disse i henhold til skovloven. Kommunen \/ Naturstyrelsen st\u00e5r for planl\u00e6gning og anl\u00e6ggelse af skoven og har ansvaret for den fremtidige drift.<\/p>\n<div><strong>Skovrejsningsprojekter i udlandet<\/strong><\/div>\n<div>Din donation til vores projekter i Syd Amerika og Afrika h\u00e5ndteres af danske samarbejdspartnere (velg\u00f8rende organisationer eller virksomheder) med lokal tilstedev\u00e6relse. Dette er med til at sikre, at vi altid har en person p\u00e5 stedet som styre projektet, og kan sende billeder og dokumentation hjem.<\/div>\n<p>&nbsp;<\/p>\n<div>I vores projekter i Syd Amerika og Afrika er risikoen for uforudsete h\u00e6ndelser, for\u00e5rsaget af vejrlig, politik etc. st\u00f8rre end i Danmark.<\/div>\n<\/div>\n<\/div><\/div><\/div><\/div><div id=\"pg-1753-2\"  class=\"panel-grid panel-has-style\" ><div class=\"siteorigin-panels-stretch panel-row-style panel-row-style-for-1753-2\" data-stretch-type=\"full-width-stretch\" ><div id=\"pgc-1753-2-0\"  class=\"panel-grid-cell\" ><div id=\"panel-1753-2-0-0\" class=\"so-panel widget widget_sow-image panel-first-child panel-last-child\" data-index=\"3\" ><div\n\t\t\t\n\t\t\tclass=\"so-widget-sow-image so-widget-sow-image-default-dbf295114b96-1753\"\n\t\t\t\n\t\t>\n<div class=\"sow-image-container\">\n\t\t<img \n\tsrc=\"https:\/\/www.growingtrees.dk\/shop\/wp-content\/uploads\/2019\/05\/pic_boernplanter.jpg\" width=\"2000\" height=\"1093\" srcset=\"https:\/\/www.growingtrees.dk\/shop\/wp-content\/uploads\/2019\/05\/pic_boernplanter.jpg 2000w, https:\/\/www.growingtrees.dk\/shop\/wp-content\/uploads\/2019\/05\/pic_boernplanter-300x164.jpg 300w, https:\/\/www.growingtrees.dk\/shop\/wp-content\/uploads\/2019\/05\/pic_boernplanter-768x420.jpg 768w, https:\/\/www.growingtrees.dk\/shop\/wp-content\/uploads\/2019\/05\/pic_boernplanter-1024x560.jpg 1024w\" sizes=\"(max-width: 2000px) 100vw, 2000px\" alt=\"\" \t\tclass=\"so-widget-image\"\/>\n\t<\/div>\n\n<\/div><\/div><\/div><\/div><\/div><\/div>","protected":false},"excerpt":{"rendered":"<p>&#8230; S\u00e5 st\u00f8tter du vores arbejde for mere skov over hele verden. Vi er en selvejende institution, hvis overordnede form\u00e5l er f\u00f8lgende: Rejsning af nye folkeskove p\u00e5 kommunal, statslig eller kirke jord i Danmark og udlandet til sikring af\u00a0grundvandsressourcer, klimasikring og CO2 reduktion, herunder ogs\u00e5: Rejsning af folkeskove p\u00e5 jord ejet af virksomheder, organisationer og &hellip; <a href=\"https:\/\/www.growingtrees.dk\/shop\/det-gaar-pengene-til\/\" class=\"more-link\">Continue reading <span class=\"screen-reader-text\">Det g\u00e5r pengene til<\/span><\/a><\/p>\n","protected":false},"author":2,"featured_media":0,"parent":0,"menu_order":0,"comment_status":"closed","ping_status":"closed","template":"","meta":{"_acf_changed":false,"footnotes":""},"class_list":["post-1753","page","type-page","status-publish","hentry"],"acf":[],"yoast_head":"<!-- This site is optimized with the Yoast SEO plugin v25.9 - https:\/\/yoast.com\/wordpress\/plugins\/seo\/ -->\n<title>Det g\u00e5r pengene til - Growing Trees<\/title>\n<meta name=\"robots\" content=\"index, follow, max-snippet:-1, max-image-preview:large, max-video-preview:-1\" \/>\n<link rel=\"canonical\" href=\"https:\/\/www.growingtrees.dk\/shop\/det-gaar-pengene-til\/\" \/>\n<meta property=\"og:locale\" content=\"da_DK\" \/>\n<meta property=\"og:type\" content=\"article\" \/>\n<meta property=\"og:title\" content=\"Det g\u00e5r pengene til - Growing Trees\" \/>\n<meta property=\"og:description\" content=\"... S\u00e5 st\u00f8tter du vores arbejde for mere skov over hele verden. Vi er en selvejende institution, hvis overordnede form\u00e5l er f\u00f8lgende: Rejsning af nye folkeskove p\u00e5 kommunal, statslig eller kirke jord i Danmark og udlandet til sikring af\u00a0grundvandsressourcer, klimasikring og CO2 reduktion, herunder ogs\u00e5: Rejsning af folkeskove p\u00e5 jord ejet af virksomheder, organisationer og &hellip; Continue reading Det g\u00e5r pengene til\" \/>\n<meta property=\"og:url\" content=\"https:\/\/www.growingtrees.dk\/shop\/det-gaar-pengene-til\/\" \/>\n<meta property=\"og:site_name\" content=\"Growing Trees\" \/>\n<meta property=\"article:modified_time\" content=\"2025-08-06T10:58:44+00:00\" \/>\n<meta name=\"twitter:card\" content=\"summary_large_image\" \/>\n<meta name=\"twitter:label1\" content=\"Estimeret l\u00e6setid\" \/>\n\t<meta name=\"twitter:data1\" content=\"3 minutter\" \/>\n<script type=\"application\/ld+json\" class=\"yoast-schema-graph\">{\"@context\":\"https:\/\/schema.org\",\"@graph\":[{\"@type\":\"WebPage\",\"@id\":\"https:\/\/www.growingtrees.dk\/shop\/det-gaar-pengene-til\/\",\"url\":\"https:\/\/www.growingtrees.dk\/shop\/det-gaar-pengene-til\/\",\"name\":\"Det g\u00e5r pengene til - Growing Trees\",\"isPartOf\":{\"@id\":\"https:\/\/www.growingtrees.dk\/shop\/#website\"},\"datePublished\":\"2019-05-06T14:03:16+00:00\",\"dateModified\":\"2025-08-06T10:58:44+00:00\",\"breadcrumb\":{\"@id\":\"https:\/\/www.growingtrees.dk\/shop\/det-gaar-pengene-til\/#breadcrumb\"},\"inLanguage\":\"da-DK\",\"potentialAction\":[{\"@type\":\"ReadAction\",\"target\":[\"https:\/\/www.growingtrees.dk\/shop\/det-gaar-pengene-til\/\"]}]},{\"@type\":\"BreadcrumbList\",\"@id\":\"https:\/\/www.growingtrees.dk\/shop\/det-gaar-pengene-til\/#breadcrumb\",\"itemListElement\":[{\"@type\":\"ListItem\",\"position\":1,\"name\":\"Home\",\"item\":\"https:\/\/www.growingtrees.dk\/shop\/\"},{\"@type\":\"ListItem\",\"position\":2,\"name\":\"Det g\u00e5r pengene til\"}]},{\"@type\":\"WebSite\",\"@id\":\"https:\/\/www.growingtrees.dk\/shop\/#website\",\"url\":\"https:\/\/www.growingtrees.dk\/shop\/\",\"name\":\"Growing Trees\",\"description\":\"\",\"potentialAction\":[{\"@type\":\"SearchAction\",\"target\":{\"@type\":\"EntryPoint\",\"urlTemplate\":\"https:\/\/www.growingtrees.dk\/shop\/?s={search_term_string}\"},\"query-input\":{\"@type\":\"PropertyValueSpecification\",\"valueRequired\":true,\"valueName\":\"search_term_string\"}}],\"inLanguage\":\"da-DK\"}]}<\/script>\n<!-- \/ Yoast SEO plugin. -->","yoast_head_json":{"title":"Det g\u00e5r pengene til - Growing Trees","robots":{"index":"index","follow":"follow","max-snippet":"max-snippet:-1","max-image-preview":"max-image-preview:large","max-video-preview":"max-video-preview:-1"},"canonical":"https:\/\/www.growingtrees.dk\/shop\/det-gaar-pengene-til\/","og_locale":"da_DK","og_type":"article","og_title":"Det g\u00e5r pengene til - Growing Trees","og_description":"... S\u00e5 st\u00f8tter du vores arbejde for mere skov over hele verden. Vi er en selvejende institution, hvis overordnede form\u00e5l er f\u00f8lgende: Rejsning af nye folkeskove p\u00e5 kommunal, statslig eller kirke jord i Danmark og udlandet til sikring af\u00a0grundvandsressourcer, klimasikring og CO2 reduktion, herunder ogs\u00e5: Rejsning af folkeskove p\u00e5 jord ejet af virksomheder, organisationer og &hellip; Continue reading Det g\u00e5r pengene til","og_url":"https:\/\/www.growingtrees.dk\/shop\/det-gaar-pengene-til\/","og_site_name":"Growing Trees","article_modified_time":"2025-08-06T10:58:44+00:00","twitter_card":"summary_large_image","twitter_misc":{"Estimeret l\u00e6setid":"3 minutter"},"schema":{"@context":"https:\/\/schema.org","@graph":[{"@type":"WebPage","@id":"https:\/\/www.growingtrees.dk\/shop\/det-gaar-pengene-til\/","url":"https:\/\/www.growingtrees.dk\/shop\/det-gaar-pengene-til\/","name":"Det g\u00e5r pengene til - Growing Trees","isPartOf":{"@id":"https:\/\/www.growingtrees.dk\/shop\/#website"},"datePublished":"2019-05-06T14:03:16+00:00","dateModified":"2025-08-06T10:58:44+00:00","breadcrumb":{"@id":"https:\/\/www.growingtrees.dk\/shop\/det-gaar-pengene-til\/#breadcrumb"},"inLanguage":"da-DK","potentialAction":[{"@type":"ReadAction","target":["https:\/\/www.growingtrees.dk\/shop\/det-gaar-pengene-til\/"]}]},{"@type":"BreadcrumbList","@id":"https:\/\/www.growingtrees.dk\/shop\/det-gaar-pengene-til\/#breadcrumb","itemListElement":[{"@type":"ListItem","position":1,"name":"Home","item":"https:\/\/www.growingtrees.dk\/shop\/"},{"@type":"ListItem","position":2,"name":"Det g\u00e5r pengene til"}]},{"@type":"WebSite","@id":"https:\/\/www.growingtrees.dk\/shop\/#website","url":"https:\/\/www.growingtrees.dk\/shop\/","name":"Growing Trees","description":"","potentialAction":[{"@type":"SearchAction","target":{"@type":"EntryPoint","urlTemplate":"https:\/\/www.growingtrees.dk\/shop\/?s={search_term_string}"},"query-input":{"@type":"PropertyValueSpecification","valueRequired":true,"valueName":"search_term_string"}}],"inLanguage":"da-DK"}]}},"_links":{"self":[{"href":"https:\/\/www.growingtrees.dk\/shop\/wp-json\/wp\/v2\/pages\/1753","targetHints":{"allow":["GET"]}}],"collection":[{"href":"https:\/\/www.growingtrees.dk\/shop\/wp-json\/wp\/v2\/pages"}],"about":[{"href":"https:\/\/www.growingtrees.dk\/shop\/wp-json\/wp\/v2\/types\/page"}],"author":[{"embeddable":true,"href":"https:\/\/www.growingtrees.dk\/shop\/wp-json\/wp\/v2\/users\/2"}],"replies":[{"embeddable":true,"href":"https:\/\/www.growingtrees.dk\/shop\/wp-json\/wp\/v2\/comments?post=1753"}],"version-history":[{"count":52,"href":"https:\/\/www.growingtrees.dk\/shop\/wp-json\/wp\/v2\/pages\/1753\/revisions"}],"predecessor-version":[{"id":5614,"href":"https:\/\/www.growingtrees.dk\/shop\/wp-json\/wp\/v2\/pages\/1753\/revisions\/5614"}],"wp:attachment":[{"href":"https:\/\/www.growingtrees.dk\/shop\/wp-json\/wp\/v2\/media?parent=1753"}],"curies":[{"name":"wp","href":"https:\/\/api.w.org\/{rel}","templated":true}]}}